{"id":19636,"date":"2018-08-23T17:18:37","date_gmt":"2018-08-23T15:18:37","guid":{"rendered":"https:\/\/www.mc2.es\/publications\/libros\/"},"modified":"2019-03-27T14:01:23","modified_gmt":"2019-03-27T13:01:23","slug":"books","status":"publish","type":"page","link":"https:\/\/www.mc2.es\/en\/publications\/books\/","title":{"rendered":"Books"},"content":{"rendered":"\t\t<div data-elementor-type=\"wp-post\" data-elementor-id=\"19636\" class=\"elementor elementor-19636 elementor-2828\" data-elementor-post-type=\"page\">\n\t\t\t\t\t\t<section class=\"elementor-section elementor-top-section elementor-element elementor-element-14dab0c elementor-section-boxed elementor-section-height-default elementor-section-height-default\" data-id=\"14dab0c\" data-element_type=\"section\" data-settings=\"{&quot;background_background&quot;:&quot;classic&quot;}\">\n\t\t\t\t\t\t<div class=\"elementor-container elementor-column-gap-no\">\n\t\t\t\t\t<div class=\"elementor-column elementor-col-100 elementor-top-column elementor-element elementor-element-2a5d572b\" data-id=\"2a5d572b\" data-element_type=\"column\">\n\t\t\t<div class=\"elementor-widget-wrap elementor-element-populated\">\n\t\t\t\t\t\t<div class=\"elementor-element elementor-element-2eb1d02 elementor-widget-divider--view-line elementor-widget elementor-widget-divider\" data-id=\"2eb1d02\" data-element_type=\"widget\" data-widget_type=\"divider.default\">\n\t\t\t\t<div class=\"elementor-widget-container\">\n\t\t\t\t\t\t\t<div class=\"elementor-divider\">\n\t\t\t<span class=\"elementor-divider-separator\">\n\t\t\t\t\t\t<\/span>\n\t\t<\/div>\n\t\t\t\t\t\t<\/div>\n\t\t\t\t<\/div>\n\t\t\t\t<div class=\"elementor-element elementor-element-6d9cea37 elementor-widget elementor-widget-heading\" data-id=\"6d9cea37\" data-element_type=\"widget\" data-widget_type=\"heading.default\">\n\t\t\t\t<div class=\"elementor-widget-container\">\n\t\t\t\t\t<h1 class=\"elementor-heading-title elementor-size-default\">BOOKS<\/h1>\t\t\t\t<\/div>\n\t\t\t\t<\/div>\n\t\t\t\t<div class=\"elementor-element elementor-element-79c16e5 elementor-widget-divider--view-line elementor-widget elementor-widget-divider\" data-id=\"79c16e5\" data-element_type=\"widget\" data-widget_type=\"divider.default\">\n\t\t\t\t<div class=\"elementor-widget-container\">\n\t\t\t\t\t\t\t<div class=\"elementor-divider\">\n\t\t\t<span class=\"elementor-divider-separator\">\n\t\t\t\t\t\t<\/span>\n\t\t<\/div>\n\t\t\t\t\t\t<\/div>\n\t\t\t\t<\/div>\n\t\t\t\t\t<\/div>\n\t\t<\/div>\n\t\t\t\t\t<\/div>\n\t\t<\/section>\n\t\t\t\t<section class=\"elementor-section elementor-top-section elementor-element elementor-element-197edc4e elementor-section-content-middle elementor-section-boxed elementor-section-height-default elementor-section-height-default\" data-id=\"197edc4e\" data-element_type=\"section\">\n\t\t\t\t\t\t<div class=\"elementor-container elementor-column-gap-wider\">\n\t\t\t\t\t<div class=\"elementor-column elementor-col-50 elementor-top-column elementor-element elementor-element-295d993b\" data-id=\"295d993b\" data-element_type=\"column\">\n\t\t\t<div class=\"elementor-widget-wrap elementor-element-populated\">\n\t\t\t\t\t\t<div class=\"elementor-element elementor-element-551b4e1 elementor-position-left elementor-vertical-align-middle elementor-widget elementor-widget-image-box\" data-id=\"551b4e1\" data-element_type=\"widget\" data-widget_type=\"image-box.default\">\n\t\t\t\t<div class=\"elementor-widget-container\">\n\t\t\t\t\t<div class=\"elementor-image-box-wrapper\"><figure class=\"elementor-image-box-img\"><img fetchpriority=\"high\" decoding=\"async\" width=\"400\" height=\"484\" src=\"https:\/\/www.mc2.es\/wp-content\/uploads\/Pabell\u00f3n-de-Espa\u00f1a-Exposici\u00f3n-Universal-Shanghai.jpg\" class=\"attachment-full size-full wp-image-19365\" alt=\"Pabell\u00f3n de Espa\u00f1a, Exposici\u00f3n Universal Shanghai\" srcset=\"https:\/\/www.mc2.es\/wp-content\/uploads\/Pabell\u00f3n-de-Espa\u00f1a-Exposici\u00f3n-Universal-Shanghai.jpg 400w, https:\/\/www.mc2.es\/wp-content\/uploads\/Pabell\u00f3n-de-Espa\u00f1a-Exposici\u00f3n-Universal-Shanghai-248x300.jpg 248w\" sizes=\"(max-width: 400px) 100vw, 400px\" \/><\/figure><div class=\"elementor-image-box-content\"><h3 class=\"elementor-image-box-title\">Pabell\u00f3n de Espa\u00f1a, Exposici\u00f3n Universal Shangh\u00e1i 2010\u200b<\/h3><p class=\"elementor-image-box-description\">TITLE: Pabell\u00f3n de Espa\u00f1a,\nExposici\u00f3n Universal de Shanghai 2010\n<br>AUTHORS: EMBT Arquitectes\n<br>YEAR: 2010\n<br>PUBLISHING COMPANY: Pencil\n<br>ISBN: 84-938167-0-4<\/p><\/div><\/div>\t\t\t\t<\/div>\n\t\t\t\t<\/div>\n\t\t\t\t\t<\/div>\n\t\t<\/div>\n\t\t\t\t<div class=\"elementor-column elementor-col-50 elementor-top-column elementor-element elementor-element-9782c91\" data-id=\"9782c91\" data-element_type=\"column\">\n\t\t\t<div class=\"elementor-widget-wrap elementor-element-populated\">\n\t\t\t\t\t\t<div class=\"elementor-element elementor-element-fc9b29d elementor-position-left elementor-vertical-align-middle elementor-widget elementor-widget-image-box\" data-id=\"fc9b29d\" data-element_type=\"widget\" data-widget_type=\"image-box.default\">\n\t\t\t\t<div class=\"elementor-widget-container\">\n\t\t\t\t\t<div class=\"elementor-image-box-wrapper\"><figure class=\"elementor-image-box-img\"><a href=\"http:\/\/www.turnerlibros.com\/book\/julio-martinez-calzon.html\" tabindex=\"-1\"><img decoding=\"async\" width=\"400\" height=\"519\" src=\"https:\/\/www.mc2.es\/wp-content\/uploads\/Puentes-Estructuras-Actitudes.jpg\" class=\"attachment-full size-full wp-image-19367\" alt=\"Puentes Estructuras Actitudes\" srcset=\"https:\/\/www.mc2.es\/wp-content\/uploads\/Puentes-Estructuras-Actitudes.jpg 400w, https:\/\/www.mc2.es\/wp-content\/uploads\/Puentes-Estructuras-Actitudes-231x300.jpg 231w\" sizes=\"(max-width: 400px) 100vw, 400px\" \/><\/a><\/figure><div class=\"elementor-image-box-content\"><h3 class=\"elementor-image-box-title\"><a href=\"http:\/\/www.turnerlibros.com\/book\/julio-martinez-calzon.html\">Puentes, Estructuras, Actitudes<\/a><\/h3><p class=\"elementor-image-box-description\">TITLE: Puentes, Estructuras, Actitudes\n<br>AUTHOR: Julio Mart\u00ednez Calz\u00f3n\n<br>YEAR: 2006\n<br><span style=\"letter-spacing: 0.4px\">PUBLISHING COMPANY<\/span>: Turner\n<br>ISBN: 84-7506-740-9<\/p><\/div><\/div>\t\t\t\t<\/div>\n\t\t\t\t<\/div>\n\t\t\t\t\t<\/div>\n\t\t<\/div>\n\t\t\t\t\t<\/div>\n\t\t<\/section>\n\t\t\t\t<section class=\"elementor-section elementor-top-section elementor-element elementor-element-88b4688 elementor-section-content-middle elementor-section-boxed elementor-section-height-default elementor-section-height-default\" data-id=\"88b4688\" data-element_type=\"section\">\n\t\t\t\t\t\t<div class=\"elementor-container elementor-column-gap-wider\">\n\t\t\t\t\t<div class=\"elementor-column elementor-col-50 elementor-top-column elementor-element elementor-element-5a3e5b9\" data-id=\"5a3e5b9\" data-element_type=\"column\">\n\t\t\t<div class=\"elementor-widget-wrap elementor-element-populated\">\n\t\t\t\t\t\t<div class=\"elementor-element elementor-element-63ff433 elementor-position-left elementor-vertical-align-middle elementor-widget elementor-widget-image-box\" data-id=\"63ff433\" data-element_type=\"widget\" data-widget_type=\"image-box.default\">\n\t\t\t\t<div class=\"elementor-widget-container\">\n\t\t\t\t\t<div class=\"elementor-image-box-wrapper\"><figure class=\"elementor-image-box-img\"><img decoding=\"async\" width=\"400\" height=\"559\" src=\"https:\/\/www.mc2.es\/wp-content\/uploads\/III-Jornadas-de-Puentes-Mixtos_ES.jpg\" class=\"attachment-full size-full wp-image-19369\" alt=\"III Jornadas de Puentes Mixtos_ES\" srcset=\"https:\/\/www.mc2.es\/wp-content\/uploads\/III-Jornadas-de-Puentes-Mixtos_ES.jpg 400w, https:\/\/www.mc2.es\/wp-content\/uploads\/III-Jornadas-de-Puentes-Mixtos_ES-215x300.jpg 215w\" sizes=\"(max-width: 400px) 100vw, 400px\" \/><\/figure><div class=\"elementor-image-box-content\"><h3 class=\"elementor-image-box-title\">Puentes mixtos, comunicaciones y mesas redondas de las 3\u00aa Jornadas Internacionales<\/h3><p class=\"elementor-image-box-description\">TITLE: Puentes mixtos, comunicaciones y mesas redondas de las 3\u00aa Jornadas Internacionales\n<br>AUTHOR: VV.AA. Julio Mart\u00ednez Calz\u00f3n (Editor y Director)\n<br>YEAR: 2002\n<br><span style=\"letter-spacing: 0.4px\">PUBLISHING COMPANY<\/span>: CICCP \/ MC2 Estudio de Ingenier\u00eda S.L. \n<br>ISBN: 84-380-0218-8<\/p><\/div><\/div>\t\t\t\t<\/div>\n\t\t\t\t<\/div>\n\t\t\t\t\t<\/div>\n\t\t<\/div>\n\t\t\t\t<div class=\"elementor-column elementor-col-50 elementor-top-column elementor-element elementor-element-3ef2f5d\" data-id=\"3ef2f5d\" data-element_type=\"column\">\n\t\t\t<div class=\"elementor-widget-wrap elementor-element-populated\">\n\t\t\t\t\t\t<div class=\"elementor-element elementor-element-a65f905 elementor-position-left elementor-vertical-align-middle elementor-widget elementor-widget-image-box\" data-id=\"a65f905\" data-element_type=\"widget\" data-widget_type=\"image-box.default\">\n\t\t\t\t<div class=\"elementor-widget-container\">\n\t\t\t\t\t<div class=\"elementor-image-box-wrapper\"><figure class=\"elementor-image-box-img\"><img loading=\"lazy\" decoding=\"async\" width=\"400\" height=\"566\" src=\"https:\/\/www.mc2.es\/wp-content\/uploads\/II-Jornadas-de-Puentes-Mixtos_.jpg\" class=\"attachment-full size-full wp-image-19371\" alt=\"\" srcset=\"https:\/\/www.mc2.es\/wp-content\/uploads\/II-Jornadas-de-Puentes-Mixtos_.jpg 400w, https:\/\/www.mc2.es\/wp-content\/uploads\/II-Jornadas-de-Puentes-Mixtos_-212x300.jpg 212w\" sizes=\"(max-width: 400px) 100vw, 400px\" \/><\/figure><div class=\"elementor-image-box-content\"><h3 class=\"elementor-image-box-title\">Puentes mixtos, comunicaciones y mesas redondas de las 2\u00aa Jornadas Internacionales<\/h3><p class=\"elementor-image-box-description\">TITLE: Puentes mixtos, comunicaciones y mesas redondas de las 2\u00aa Jornadas Internacionales\n<br>AUTHOR: VV.AA. Julio Mart\u00ednez Calz\u00f3n (Editor y Director)\n<br>YEAR: 1996\n<br><span style=\"letter-spacing: 0.4px\">PUBLISHING COMPANY<\/span>: CICCP \/ MC2 Estudio de Ingenier\u00eda S.L. \n<\/p><\/div><\/div>\t\t\t\t<\/div>\n\t\t\t\t<\/div>\n\t\t\t\t\t<\/div>\n\t\t<\/div>\n\t\t\t\t\t<\/div>\n\t\t<\/section>\n\t\t\t\t<section class=\"elementor-section elementor-top-section elementor-element elementor-element-e20034a elementor-section-content-middle elementor-section-boxed elementor-section-height-default elementor-section-height-default\" data-id=\"e20034a\" data-element_type=\"section\">\n\t\t\t\t\t\t<div class=\"elementor-container elementor-column-gap-wider\">\n\t\t\t\t\t<div class=\"elementor-column elementor-col-50 elementor-top-column elementor-element elementor-element-63b0652\" data-id=\"63b0652\" data-element_type=\"column\">\n\t\t\t<div class=\"elementor-widget-wrap elementor-element-populated\">\n\t\t\t\t\t\t<div class=\"elementor-element elementor-element-b8bc771 elementor-position-left elementor-vertical-align-middle elementor-widget elementor-widget-image-box\" data-id=\"b8bc771\" data-element_type=\"widget\" data-widget_type=\"image-box.default\">\n\t\t\t\t<div class=\"elementor-widget-container\">\n\t\t\t\t\t<div class=\"elementor-image-box-wrapper\"><figure class=\"elementor-image-box-img\"><img loading=\"lazy\" decoding=\"async\" width=\"400\" height=\"566\" src=\"https:\/\/www.mc2.es\/wp-content\/uploads\/I-Jornadas-de-Puentes-Mixtos_.jpg\" class=\"attachment-full size-full wp-image-19373\" alt=\"I Jornadas de Puentes Mixtos_\" srcset=\"https:\/\/www.mc2.es\/wp-content\/uploads\/I-Jornadas-de-Puentes-Mixtos_.jpg 400w, https:\/\/www.mc2.es\/wp-content\/uploads\/I-Jornadas-de-Puentes-Mixtos_-212x300.jpg 212w\" sizes=\"(max-width: 400px) 100vw, 400px\" \/><\/figure><div class=\"elementor-image-box-content\"><h3 class=\"elementor-image-box-title\">Puentes mixtos, comunicaciones y mesas redondas de las 1\u00aa Jornadas Internacionales<\/h3><p class=\"elementor-image-box-description\">TITLE: Puentes mixtos, comunicaciones y mesas redondas de las 1\u00aa Jornadas Internacionales\n<br>AUTHOR: VV.AA. Julio Mart\u00ednez Calz\u00f3n (Editor y Director)\n<br>YEAR: 1993\n<br><span style=\"letter-spacing: 0.4px\">PUBLISHING COMPANY<\/span>: CICCP \/ MC2 Estudio de Ingenier\u00eda S.L. \n<br>ISBN: 84-604-6812-7<\/p><\/div><\/div>\t\t\t\t<\/div>\n\t\t\t\t<\/div>\n\t\t\t\t\t<\/div>\n\t\t<\/div>\n\t\t\t\t<div class=\"elementor-column elementor-col-50 elementor-top-column elementor-element elementor-element-310f934\" data-id=\"310f934\" data-element_type=\"column\">\n\t\t\t<div class=\"elementor-widget-wrap elementor-element-populated\">\n\t\t\t\t\t\t<div class=\"elementor-element elementor-element-f783958 elementor-position-left elementor-vertical-align-middle elementor-widget elementor-widget-image-box\" data-id=\"f783958\" data-element_type=\"widget\" data-widget_type=\"image-box.default\">\n\t\t\t\t<div class=\"elementor-widget-container\">\n\t\t\t\t\t<div class=\"elementor-image-box-wrapper\"><figure class=\"elementor-image-box-img\"><img loading=\"lazy\" decoding=\"async\" width=\"400\" height=\"565\" src=\"https:\/\/www.mc2.es\/wp-content\/uploads\/Construcci\u00f3n-mixta_.jpg\" class=\"attachment-full size-full wp-image-19375\" alt=\"\" srcset=\"https:\/\/www.mc2.es\/wp-content\/uploads\/Construcci\u00f3n-mixta_.jpg 400w, https:\/\/www.mc2.es\/wp-content\/uploads\/Construcci\u00f3n-mixta_-212x300.jpg 212w\" sizes=\"(max-width: 400px) 100vw, 400px\" \/><\/figure><div class=\"elementor-image-box-content\"><h3 class=\"elementor-image-box-title\">Construcci\u00f3n mixta. Hormig\u00f3n-Acero<\/h3><p class=\"elementor-image-box-description\">TITLE: Construcci\u00f3n mixta. Hormig\u00f3n-Acero\n<br>AUTHOR: Julio Mart\u00ednez Calz\u00f3n \/ Jes\u00fas Ortiz Herrera\n<br>YEAR: 1978\n<br><span style=\"letter-spacing: 0.4px\">PUBLISHING COMPANY<\/span>: Rueda\n<br>ISBN: 84-7207-010-7<\/p><\/div><\/div>\t\t\t\t<\/div>\n\t\t\t\t<\/div>\n\t\t\t\t\t<\/div>\n\t\t<\/div>\n\t\t\t\t\t<\/div>\n\t\t<\/section>\n\t\t\t\t<\/div>\n\t\t","protected":false},"excerpt":{"rendered":"<p>BOOKS Pabell\u00f3n de Espa\u00f1a, Exposici\u00f3n Universal Shangh\u00e1i 2010\u200b TITLE: Pabell\u00f3n de Espa\u00f1a, Exposici\u00f3n Universal de Shanghai 2010 AUTHORS: EMBT Arquitectes YEAR: 2010 PUBLISHING COMPANY: Pencil ISBN: 84-938167-0-4 Puentes, Estructuras, Actitudes TITLE: Puentes, Estructuras, Actitudes AUTHOR: Julio Mart\u00ednez Calz\u00f3n YEAR: 2006 PUBLISHING COMPANY: Turner ISBN: 84-7506-740-9 Puentes mixtos, comunicaciones y mesas redondas de las 3\u00aa Jornadas &#8230; <a title=\"Books\" class=\"read-more\" href=\"https:\/\/www.mc2.es\/en\/publications\/books\/\" aria-label=\"Read more about Books\">Read more<\/a><\/p>\n","protected":false},"author":1,"featured_media":0,"parent":19628,"menu_order":0,"comment_status":"closed","ping_status":"closed","template":"elementor_header_footer","meta":{"footnotes":""},"class_list":["post-19636","page","type-page","status-publish"],"yoast_head":"<!-- This site is optimized with the Yoast SEO plugin v26.2 - https:\/\/yoast.com\/wordpress\/plugins\/seo\/ -->\n<title>Books - MC2<\/title>\n<meta name=\"robots\" content=\"index, follow, max-snippet:-1, max-image-preview:large, max-video-preview:-1\" \/>\n<link rel=\"canonical\" href=\"https:\/\/www.mc2.es\/publicaciones\/libros\/\" \/>\n<meta property=\"og:locale\" content=\"en_US\" \/>\n<meta property=\"og:type\" content=\"article\" \/>\n<meta property=\"og:title\" content=\"Books - MC2\" \/>\n<meta property=\"og:description\" content=\"BOOKS Pabell\u00f3n de Espa\u00f1a, Exposici\u00f3n Universal Shangh\u00e1i 2010\u200b TITLE: Pabell\u00f3n de Espa\u00f1a, Exposici\u00f3n Universal de Shanghai 2010 AUTHORS: EMBT Arquitectes YEAR: 2010 PUBLISHING COMPANY: Pencil ISBN: 84-938167-0-4 Puentes, Estructuras, Actitudes TITLE: Puentes, Estructuras, Actitudes AUTHOR: Julio Mart\u00ednez Calz\u00f3n YEAR: 2006 PUBLISHING COMPANY: Turner ISBN: 84-7506-740-9 Puentes mixtos, comunicaciones y mesas redondas de las 3\u00aa Jornadas ... Read more\" \/>\n<meta property=\"og:url\" content=\"https:\/\/www.mc2.es\/publicaciones\/libros\/\" \/>\n<meta property=\"og:site_name\" content=\"MC2\" \/>\n<meta property=\"article:modified_time\" content=\"2019-03-27T13:01:23+00:00\" \/>\n<meta property=\"og:image\" content=\"https:\/\/www.mc2.es\/wp-content\/uploads\/Puentes-Estructuras-Actitudes.jpg\" \/>\n<meta name=\"twitter:card\" content=\"summary_large_image\" \/>\n<meta name=\"twitter:label1\" content=\"Est. reading time\" \/>\n\t<meta name=\"twitter:data1\" content=\"1 minute\" \/>\n<script type=\"application\/ld+json\" class=\"yoast-schema-graph\">{\"@context\":\"https:\/\/schema.org\",\"@graph\":[{\"@type\":\"WebPage\",\"@id\":\"https:\/\/www.mc2.es\/publicaciones\/libros\/\",\"url\":\"https:\/\/www.mc2.es\/publicaciones\/libros\/\",\"name\":\"Books - MC2\",\"isPartOf\":{\"@id\":\"https:\/\/www.mc2.es\/#website\"},\"primaryImageOfPage\":{\"@id\":\"https:\/\/www.mc2.es\/publicaciones\/libros\/#primaryimage\"},\"image\":{\"@id\":\"https:\/\/www.mc2.es\/publicaciones\/libros\/#primaryimage\"},\"thumbnailUrl\":\"https:\/\/www.mc2.es\/wp-content\/uploads\/Puentes-Estructuras-Actitudes.jpg\",\"datePublished\":\"2018-08-23T15:18:37+00:00\",\"dateModified\":\"2019-03-27T13:01:23+00:00\",\"breadcrumb\":{\"@id\":\"https:\/\/www.mc2.es\/publicaciones\/libros\/#breadcrumb\"},\"inLanguage\":\"en-US\",\"potentialAction\":[{\"@type\":\"ReadAction\",\"target\":[\"https:\/\/www.mc2.es\/publicaciones\/libros\/\"]}]},{\"@type\":\"ImageObject\",\"inLanguage\":\"en-US\",\"@id\":\"https:\/\/www.mc2.es\/publicaciones\/libros\/#primaryimage\",\"url\":\"https:\/\/www.mc2.es\/wp-content\/uploads\/Puentes-Estructuras-Actitudes.jpg\",\"contentUrl\":\"https:\/\/www.mc2.es\/wp-content\/uploads\/Puentes-Estructuras-Actitudes.jpg\"},{\"@type\":\"BreadcrumbList\",\"@id\":\"https:\/\/www.mc2.es\/publicaciones\/libros\/#breadcrumb\",\"itemListElement\":[{\"@type\":\"ListItem\",\"position\":1,\"name\":\"Inicio\",\"item\":\"https:\/\/www.mc2.es\/en\/\"},{\"@type\":\"ListItem\",\"position\":2,\"name\":\"Publications\",\"item\":\"https:\/\/www.mc2.es\/?page_id=2040\"},{\"@type\":\"ListItem\",\"position\":3,\"name\":\"Books\"}]},{\"@type\":\"WebSite\",\"@id\":\"https:\/\/www.mc2.es\/#website\",\"url\":\"https:\/\/www.mc2.es\/\",\"name\":\"MC2\",\"description\":\"Estudio de Ingenier\u00eda\",\"publisher\":{\"@id\":\"https:\/\/www.mc2.es\/#organization\"},\"potentialAction\":[{\"@type\":\"SearchAction\",\"target\":{\"@type\":\"EntryPoint\",\"urlTemplate\":\"https:\/\/www.mc2.es\/?s={search_term_string}\"},\"query-input\":{\"@type\":\"PropertyValueSpecification\",\"valueRequired\":true,\"valueName\":\"search_term_string\"}}],\"inLanguage\":\"en-US\"},{\"@type\":\"Organization\",\"@id\":\"https:\/\/www.mc2.es\/#organization\",\"name\":\"MC2\",\"url\":\"https:\/\/www.mc2.es\/\",\"logo\":{\"@type\":\"ImageObject\",\"inLanguage\":\"en-US\",\"@id\":\"https:\/\/www.mc2.es\/#\/schema\/logo\/image\/\",\"url\":\"https:\/\/www.mc2.es\/wp-content\/uploads\/cropped-Logo-MC2-blanco.png\",\"contentUrl\":\"https:\/\/www.mc2.es\/wp-content\/uploads\/cropped-Logo-MC2-blanco.png\",\"width\":505,\"height\":433,\"caption\":\"MC2\"},\"image\":{\"@id\":\"https:\/\/www.mc2.es\/#\/schema\/logo\/image\/\"}}]}<\/script>\n<!-- \/ Yoast SEO plugin. -->","yoast_head_json":{"title":"Books - MC2","robots":{"index":"index","follow":"follow","max-snippet":"max-snippet:-1","max-image-preview":"max-image-preview:large","max-video-preview":"max-video-preview:-1"},"canonical":"https:\/\/www.mc2.es\/publicaciones\/libros\/","og_locale":"en_US","og_type":"article","og_title":"Books - MC2","og_description":"BOOKS Pabell\u00f3n de Espa\u00f1a, Exposici\u00f3n Universal Shangh\u00e1i 2010\u200b TITLE: Pabell\u00f3n de Espa\u00f1a, Exposici\u00f3n Universal de Shanghai 2010 AUTHORS: EMBT Arquitectes YEAR: 2010 PUBLISHING COMPANY: Pencil ISBN: 84-938167-0-4 Puentes, Estructuras, Actitudes TITLE: Puentes, Estructuras, Actitudes AUTHOR: Julio Mart\u00ednez Calz\u00f3n YEAR: 2006 PUBLISHING COMPANY: Turner ISBN: 84-7506-740-9 Puentes mixtos, comunicaciones y mesas redondas de las 3\u00aa Jornadas ... Read more","og_url":"https:\/\/www.mc2.es\/publicaciones\/libros\/","og_site_name":"MC2","article_modified_time":"2019-03-27T13:01:23+00:00","og_image":[{"url":"https:\/\/www.mc2.es\/wp-content\/uploads\/Puentes-Estructuras-Actitudes.jpg","type":"","width":"","height":""}],"twitter_card":"summary_large_image","twitter_misc":{"Est. reading time":"1 minute"},"schema":{"@context":"https:\/\/schema.org","@graph":[{"@type":"WebPage","@id":"https:\/\/www.mc2.es\/publicaciones\/libros\/","url":"https:\/\/www.mc2.es\/publicaciones\/libros\/","name":"Books - MC2","isPartOf":{"@id":"https:\/\/www.mc2.es\/#website"},"primaryImageOfPage":{"@id":"https:\/\/www.mc2.es\/publicaciones\/libros\/#primaryimage"},"image":{"@id":"https:\/\/www.mc2.es\/publicaciones\/libros\/#primaryimage"},"thumbnailUrl":"https:\/\/www.mc2.es\/wp-content\/uploads\/Puentes-Estructuras-Actitudes.jpg","datePublished":"2018-08-23T15:18:37+00:00","dateModified":"2019-03-27T13:01:23+00:00","breadcrumb":{"@id":"https:\/\/www.mc2.es\/publicaciones\/libros\/#breadcrumb"},"inLanguage":"en-US","potentialAction":[{"@type":"ReadAction","target":["https:\/\/www.mc2.es\/publicaciones\/libros\/"]}]},{"@type":"ImageObject","inLanguage":"en-US","@id":"https:\/\/www.mc2.es\/publicaciones\/libros\/#primaryimage","url":"https:\/\/www.mc2.es\/wp-content\/uploads\/Puentes-Estructuras-Actitudes.jpg","contentUrl":"https:\/\/www.mc2.es\/wp-content\/uploads\/Puentes-Estructuras-Actitudes.jpg"},{"@type":"BreadcrumbList","@id":"https:\/\/www.mc2.es\/publicaciones\/libros\/#breadcrumb","itemListElement":[{"@type":"ListItem","position":1,"name":"Inicio","item":"https:\/\/www.mc2.es\/en\/"},{"@type":"ListItem","position":2,"name":"Publications","item":"https:\/\/www.mc2.es\/?page_id=2040"},{"@type":"ListItem","position":3,"name":"Books"}]},{"@type":"WebSite","@id":"https:\/\/www.mc2.es\/#website","url":"https:\/\/www.mc2.es\/","name":"MC2","description":"Estudio de Ingenier\u00eda","publisher":{"@id":"https:\/\/www.mc2.es\/#organization"},"potentialAction":[{"@type":"SearchAction","target":{"@type":"EntryPoint","urlTemplate":"https:\/\/www.mc2.es\/?s={search_term_string}"},"query-input":{"@type":"PropertyValueSpecification","valueRequired":true,"valueName":"search_term_string"}}],"inLanguage":"en-US"},{"@type":"Organization","@id":"https:\/\/www.mc2.es\/#organization","name":"MC2","url":"https:\/\/www.mc2.es\/","logo":{"@type":"ImageObject","inLanguage":"en-US","@id":"https:\/\/www.mc2.es\/#\/schema\/logo\/image\/","url":"https:\/\/www.mc2.es\/wp-content\/uploads\/cropped-Logo-MC2-blanco.png","contentUrl":"https:\/\/www.mc2.es\/wp-content\/uploads\/cropped-Logo-MC2-blanco.png","width":505,"height":433,"caption":"MC2"},"image":{"@id":"https:\/\/www.mc2.es\/#\/schema\/logo\/image\/"}}]}},"_links":{"self":[{"href":"https:\/\/www.mc2.es\/en\/wp-json\/wp\/v2\/pages\/19636","targetHints":{"allow":["GET"]}}],"collection":[{"href":"https:\/\/www.mc2.es\/en\/wp-json\/wp\/v2\/pages"}],"about":[{"href":"https:\/\/www.mc2.es\/en\/wp-json\/wp\/v2\/types\/page"}],"author":[{"embeddable":true,"href":"https:\/\/www.mc2.es\/en\/wp-json\/wp\/v2\/users\/1"}],"replies":[{"embeddable":true,"href":"https:\/\/www.mc2.es\/en\/wp-json\/wp\/v2\/comments?post=19636"}],"version-history":[{"count":2,"href":"https:\/\/www.mc2.es\/en\/wp-json\/wp\/v2\/pages\/19636\/revisions"}],"predecessor-version":[{"id":21817,"href":"https:\/\/www.mc2.es\/en\/wp-json\/wp\/v2\/pages\/19636\/revisions\/21817"}],"up":[{"embeddable":true,"href":"https:\/\/www.mc2.es\/en\/wp-json\/wp\/v2\/pages\/19628"}],"wp:attachment":[{"href":"https:\/\/www.mc2.es\/en\/wp-json\/wp\/v2\/media?parent=19636"}],"curies":[{"name":"wp","href":"https:\/\/api.w.org\/{rel}","templated":true}]}}